{"id":1515,"date":"2018-04-01T14:13:20","date_gmt":"2018-04-01T12:13:20","guid":{"rendered":"http:\/\/woowstudio.com\/?page_id=1515"},"modified":"2023-07-30T12:29:39","modified_gmt":"2023-07-30T10:29:39","slug":"kariera","status":"publish","type":"page","link":"https:\/\/woowstudio.com\/sk\/kariera\/","title":{"rendered":"Kari\u00e9ra"},"content":{"rendered":"<h1><strong>Pos\u00favajme<br class=\"uk-visible@m\"> hranice virtu\u00e1lnej reality <span class=\"cs-underline\">spolu<\/span><\/strong><\/h1>\n<div>Technol\u00f3gia sa vyv\u00edja neuverite\u013ene r\u00fdchlo. Ver\u00edme, \u017ee virtu\u00e1lna realita m\u00e1 obrovsk\u00fd potenci\u00e1l pozit\u00edvne ovplyvni\u0165 na\u0161e \u017eivoty. Na\u0161ou misiou je zmeni\u0165 to, ak\u00fdm sp\u00f4sobom sa navrhuj\u00fa a pred\u00e1vaj\u00fa nehnute\u013enosti. Budeme na to potrebova\u0165 aj tvoju pomoc, pridaj sa k n\u00e1m!<\/div>\n<h1><strong>Otvoren\u00e9 poz\u00edcie<\/strong><\/h1>\n<div>\n<p>V s\u00fa\u010dasnosti nem\u00e1me otvoren\u00e9 \u017eiadne vo\u013en\u00e9 poz\u00edcie. Ak sa v\u0161ak chce\u0161 k n\u00e1m aj tak prida\u0165, po\u0161li n\u00e1m svoj \u017eivotopis a portf\u00f3lio pr\u00e1c na <strong><a href=\"mailto:hello@woowstudio.com\">hello@woowstudio.com<\/a><\/strong><\/p>\n<\/div>\n<div>\n<p>        <img decoding=\"async\" src=\"wp-content\/uploads\/Unreal-Engine-Emblem.png\" alt=\"\"><\/p>\n<h3><strong>3D Generalist Unreal Engine<\/strong><span style=\"vertical-align:text-top;margin-left:10px;\" class=\"uk-label uk-label-danger\">Nov\u00e9<\/span><\/h3>\n<p>Bratislava | 19.4.2022<\/p>\n<div>\n<p>Do n\u00e1\u0161ho officu v Bratislave h\u013ead\u00e1me \u0161ikovn\u00e9ho kolegu, ktor\u00fd by mal na starosti kompletn\u00fa pr\u00edpravou 3D modelov, vizualiz\u00e1cii a virtu\u00e1lnych prehliadok pre zauj\u00edmav\u00e9 slovensk\u00e9 aj zahrani\u010dn\u00e9 projekty.<\/p>\n<\/div>\n<p><a href=\"sk\/kariera\/3d-generalist-unreal-engine\/\">Read more<\/a><\/p>\n<\/div>\n<div>\n<p>        <img decoding=\"async\" src=\"wp-content\/uploads\/salesman.png\" alt=\"\"><\/p>\n<h3><strong>Studio &#038; Project Manager<\/strong><span style=\"vertical-align:text-top;margin-left:10px;\" class=\"uk-label uk-label-danger\">Nov\u00e9<\/span><\/h3>\n<p>Bratislava | 30.7.2023<\/p>\n<div>Do n\u00e1\u0161ho officu v Bratislave h\u013ead\u00e1me \u0161ikovn\u00e9ho kolegu\/kolegy\u0148u , ktor\u00fd by mal na starosti riadenie projektov v oblasti vizualiz\u00e1ci\u00ed a virtu\u00e1lnych prehliadok (VR) pre zauj\u00edmav\u00e9 slovensk\u00e9 a zahrani\u010dn\u00e9 projekty.<\/div>\n<p><a href=\"sk\/kariera\/studio-manager\/\">Read more<\/a><\/p>\n<\/div>\n<div>\n<p>        <img decoding=\"async\" src=\"wp-content\/uploads\/salesman.png\" alt=\"\"><\/p>\n<h3><strong>CGI Artist \/ Dizajn\u00e9r<\/strong><span style=\"vertical-align:text-top;margin-left:10px;\" class=\"uk-label uk-label-danger\">Nov\u00e9<\/span><\/h3>\n<p>Bratislava | 5.5.2023<\/p>\n<div>\n<p>Do n\u00e1\u0161ho officu v Bratislave h\u013ead\u00e1me \u0161ikovn\u00e9ho kolegu, ktor\u00fd by mal na starosti kompletn\u00fa pr\u00edpravou 3D modelov, vizualiz\u00e1cii a virtu\u00e1lnych prehliadok pre zauj\u00edmav\u00e9 slovensk\u00e9 aj zahrani\u010dn\u00e9 projekty.<\/p>\n<\/div>\n<p><a href=\"sk\/kariera\/cgi-artist\/\">Read more<\/a><\/p>\n<\/div>\n<p><!-- {\"name\":\"\",\"type\":\"layout\",\"children\":[{\"name\":\"\",\"type\":\"section\",\"props\":{\"style\":\"default\",\"width\":\"default\",\"image_position\":\"center-center\",\"padding\":\"large\",\"padding_remove_bottom\":true,\"vertical_align\":\"middle\",\"title_position\":\"top-left\",\"title_rotation\":\"left\",\"title_breakpoint\":\"xl\",\"image_effect\":\"\"},\"children\":[{\"name\":\"\",\"type\":\"row\",\"props\":{\"fixed_width\":\"large\",\"breakpoint\":\"m\",\"layout\":\"1-1\"},\"children\":[{\"name\":\"\",\"type\":\"column\",\"props\":{\"image_position\":\"center-center\",\"media_overlay_gradient\":\"\"},\"children\":[{\"name\":\"\",\"type\":\"headline\",\"props\":{\"title_element\":\"h1\",\"content\":\"<strong>Pos\\u00favajme<br class=\\\"uk-visible@m\\\"> hranice virtu\\u00e1lnej reality <span class=\\\"cs-underline\\\">spolu<\\\/span><\\\/strong>\",\"title_style\":\"heading-small\",\"text_align\":\"center\",\"margin_remove_top\":true,\"css\":\".cs-underline {\\n  background-image: url(\\\/wp-content\\\/uploads\\\/underline7.svg);\\n  background-repeat: no-repeat;\\n  background-position: bottom;\\n  padding-bottom: 10px;\\n  background-size: 95%;\\n}\"}},{\"name\":\"\",\"type\":\"text\",\"props\":{\"column_breakpoint\":\"m\",\"margin\":\"default\",\"text_align\":\"center\",\"maxwidth\":\"xxlarge\",\"content\":\"Technol\\u00f3gia sa vyv\\u00edja neuverite\\u013ene r\\u00fdchlo. Ver\\u00edme, \\u017ee virtu\\u00e1lna realita m\\u00e1 obrovsk\\u00fd potenci\\u00e1l pozit\\u00edvne ovplyvni\\u0165 na\\u0161e \\u017eivoty. Na\\u0161ou misiou je zmeni\\u0165 to, ak\\u00fdm sp\\u00f4sobom sa navrhuj\\u00fa a pred\\u00e1vaj\\u00fa nehnute\\u013enosti. Budeme na to potrebova\\u0165 aj tvoju pomoc, pridaj sa k n\\u00e1m!\",\"text_style\":\"lead\",\"block_align\":\"center\"}}]}]}]},{\"name\":\"\",\"type\":\"section\",\"props\":{\"style\":\"default\",\"width\":\"small\",\"image_position\":\"center-center\",\"padding\":\"large\",\"vertical_align\":\"middle\",\"title_position\":\"top-left\",\"title_rotation\":\"left\",\"title_breakpoint\":\"xl\",\"image_effect\":\"\"},\"children\":[{\"name\":\"\",\"type\":\"row\",\"props\":{\"fixed_width\":\"large\",\"breakpoint\":\"m\",\"layout\":\"1-1\"},\"children\":[{\"name\":\"\",\"type\":\"column\",\"props\":{\"image_position\":\"center-center\",\"media_overlay_gradient\":\"\"},\"children\":[{\"name\":\"\",\"type\":\"headline\",\"props\":{\"title_element\":\"h1\",\"title_style\":\"h1\",\"content\":\"<strong>Otvoren\\u00e9 poz\\u00edcie<\\\/strong>\",\"text_align\":\"center\",\"margin\":\"medium\",\"margin_remove_top\":true}},{\"name\":\"\",\"type\":\"text\",\"props\":{\"column_breakpoint\":\"m\",\"margin\":\"default\",\"text_align\":\"center\",\"content\":\"\n\n<p>V s\\u00fa\\u010dasnosti nem\\u00e1me otvoren\\u00e9 \\u017eiadne vo\\u013en\\u00e9 poz\\u00edcie. Ak sa v\\u0161ak chce\\u0161 k n\\u00e1m aj tak prida\\u0165, po\\u0161li n\\u00e1m svoj \\u017eivotopis a portf\\u00f3lio pr\\u00e1c na <strong><a href=\\\"mailto:hello@woowstudio.com\\\">hello@woowstudio.com<\\\/a><\\\/strong><\\\/p>\",\"maxwidth\":\"xlarge\",\"text_style\":\"lead\",\"class\":\"uk-hidden\",\"column\":\"\",\"text_align_breakpoint\":\"\",\"text_align_fallback\":\"\",\"maxwidth_breakpoint\":\"\",\"animation\":\"\",\"visibility\":\"\",\"text_color\":\"\",\"text_size\":\"\",\"block_align\":\"center\"}},{\"name\":\"CGI artist - panel\",\"type\":\"panel\",\"props\":{\"link_text\":\"Read more\",\"title_element\":\"h3\",\"meta_style\":\"meta\",\"meta_align\":\"above-title\",\"icon_ratio\":4,\"image_align\":\"left\",\"image_grid_width\":\"auto\",\"link_style\":\"default\",\"margin\":\"default\",\"image\":\"wp-content\\\/uploads\\\/Unreal-Engine-Emblem.png\",\"title\":\"<strong>3D Generalist Unreal Engine<\\\/strong><span style=\\\"vertical-align:text-top;margin-left:10px;\\\" class=\\\"uk-label uk-label-danger\\\">Nov\\u00e9<\\\/span>\",\"meta\":\"Bratislava | 19.4.2022\",\"content\":\"\n\n<p>Do n\\u00e1\\u0161ho officu v Bratislave h\\u013ead\\u00e1me \\u0161ikovn\\u00e9ho kolegu, ktor\\u00fd by mal na starosti kompletn\\u00fa pr\\u00edpravou 3D modelov, vizualiz\\u00e1cii a virtu\\u00e1lnych prehliadok pre zauj\\u00edmav\\u00e9 slovensk\\u00e9 aj zahrani\\u010dn\\u00e9 projekty.<\\\/p>\",\"image_vertical_align\":true,\"image_width\":\"125\",\"link\":\"sk\\\/kariera\\\/3d-generalist-unreal-engine\\\/\",\"class\":\"uk-text-left@s\",\"text_align\":\"center\",\"panel_style\":\"card-hover\",\"panel_size\":\"\",\"title_style\":\"\",\"title_decoration\":\"\",\"title_color\":\"\",\"meta_color\":\"\",\"meta_margin\":\"\",\"content_style\":\"\",\"image_border\":\"\",\"image_box_shadow\":\"\",\"image_hover_box_shadow\":\"\",\"image_box_decoration\":\"\",\"icon_color\":\"\",\"link_size\":\"\",\"text_align_breakpoint\":\"\",\"text_align_fallback\":\"\",\"maxwidth\":\"\",\"maxwidth_breakpoint\":\"\",\"animation\":\"\",\"visibility\":\"\",\"image_svg_color\":\"emphasis\",\"title_margin\":\"\",\"content_margin\":\"\",\"image_margin\":\"\",\"link_margin\":\"\",\"link_type\":\"element\",\"block_align\":\"\",\"image_grid_column_gap\":\"\",\"image_grid_row_gap\":\"\",\"image_grid_breakpoint\":\"s\",\"title_hover_style\":\"reset\",\"title_align\":\"top\",\"title_grid_width\":\"1-2\",\"title_grid_breakpoint\":\"m\",\"panel_content_padding\":\"\",\"title_font_family\":\"\",\"title_grid_column_gap\":\"\",\"title_grid_row_gap\":\"\",\"image_transition\":\"\",\"position\":\"\",\"position_z_index\":\"\",\"block_align_breakpoint\":\"\",\"block_align_fallback\":\"\",\"status\":\"disabled\"}},{\"name\":\"CGI artist - panel\",\"type\":\"panel\",\"props\":{\"link_text\":\"Read more\",\"title_element\":\"h3\",\"meta_style\":\"meta\",\"meta_align\":\"above-title\",\"icon_ratio\":4,\"image_align\":\"left\",\"image_grid_width\":\"auto\",\"link_style\":\"default\",\"margin\":\"default\",\"image\":\"wp-content\\\/uploads\\\/salesman.png\",\"title\":\"<strong>Studio & Project Manager<\\\/strong><span style=\\\"vertical-align:text-top;margin-left:10px;\\\" class=\\\"uk-label uk-label-danger\\\">Nov\\u00e9<\\\/span>\",\"meta\":\"Bratislava | 30.7.2023\",\"content\":\"Do n\\u00e1\\u0161ho officu v Bratislave h\\u013ead\\u00e1me \\u0161ikovn\\u00e9ho kolegu\\\/kolegy\\u0148u , ktor\\u00fd by mal na starosti riadenie projektov v oblasti vizualiz\\u00e1ci\\u00ed a virtu\\u00e1lnych prehliadok (VR) pre zauj\\u00edmav\\u00e9 slovensk\\u00e9 a zahrani\\u010dn\\u00e9 projekty.\",\"image_vertical_align\":true,\"image_width\":\"125\",\"link\":\"sk\\\/kariera\\\/studio-manager\\\/\",\"class\":\"uk-text-left@s\",\"text_align\":\"center\",\"panel_style\":\"card-hover\",\"panel_size\":\"\",\"title_style\":\"\",\"title_decoration\":\"\",\"title_color\":\"\",\"meta_color\":\"\",\"meta_margin\":\"\",\"content_style\":\"\",\"image_border\":\"\",\"image_box_shadow\":\"\",\"image_hover_box_shadow\":\"\",\"image_box_decoration\":\"\",\"icon_color\":\"\",\"link_size\":\"\",\"text_align_breakpoint\":\"\",\"text_align_fallback\":\"\",\"maxwidth\":\"\",\"maxwidth_breakpoint\":\"\",\"animation\":\"\",\"visibility\":\"\",\"image_svg_color\":\"emphasis\",\"title_margin\":\"\",\"content_margin\":\"\",\"image_margin\":\"\",\"link_margin\":\"\",\"link_type\":\"element\",\"block_align\":\"\",\"image_grid_column_gap\":\"\",\"image_grid_row_gap\":\"\",\"image_grid_breakpoint\":\"s\",\"title_hover_style\":\"reset\",\"title_align\":\"top\",\"title_grid_width\":\"1-2\",\"title_grid_breakpoint\":\"m\",\"panel_content_padding\":\"\",\"title_font_family\":\"\",\"title_grid_column_gap\":\"\",\"title_grid_row_gap\":\"\",\"image_transition\":\"\",\"position\":\"\",\"position_z_index\":\"\",\"block_align_breakpoint\":\"\",\"block_align_fallback\":\"\"}},{\"name\":\"CGI artist - panel\",\"type\":\"panel\",\"props\":{\"link_text\":\"Read more\",\"title_element\":\"h3\",\"meta_style\":\"meta\",\"meta_align\":\"above-title\",\"icon_ratio\":4,\"image_align\":\"left\",\"image_grid_width\":\"auto\",\"link_style\":\"default\",\"margin\":\"default\",\"image\":\"wp-content\\\/uploads\\\/salesman.png\",\"title\":\"<strong>CGI Artist \\\/ Dizajn\\u00e9r<\\\/strong><span style=\\\"vertical-align:text-top;margin-left:10px;\\\" class=\\\"uk-label uk-label-danger\\\">Nov\\u00e9<\\\/span>\",\"meta\":\"Bratislava | 5.5.2023\",\"content\":\"\n\n<p>Do n\\u00e1\\u0161ho officu v Bratislave h\\u013ead\\u00e1me \\u0161ikovn\\u00e9ho kolegu, ktor\\u00fd by mal na starosti kompletn\\u00fa pr\\u00edpravou 3D modelov, vizualiz\\u00e1cii a virtu\\u00e1lnych prehliadok pre zauj\\u00edmav\\u00e9 slovensk\\u00e9 aj zahrani\\u010dn\\u00e9 projekty.<\\\/p>\",\"image_vertical_align\":true,\"image_width\":\"125\",\"link\":\"sk\\\/kariera\\\/cgi-artist\\\/\",\"class\":\"uk-text-left@s\",\"text_align\":\"center\",\"panel_style\":\"card-hover\",\"panel_size\":\"\",\"title_style\":\"\",\"title_decoration\":\"\",\"title_color\":\"\",\"meta_color\":\"\",\"meta_margin\":\"\",\"content_style\":\"\",\"image_border\":\"\",\"image_box_shadow\":\"\",\"image_hover_box_shadow\":\"\",\"image_box_decoration\":\"\",\"icon_color\":\"\",\"link_size\":\"\",\"text_align_breakpoint\":\"\",\"text_align_fallback\":\"\",\"maxwidth\":\"\",\"maxwidth_breakpoint\":\"\",\"animation\":\"\",\"visibility\":\"\",\"image_svg_color\":\"emphasis\",\"title_margin\":\"\",\"content_margin\":\"\",\"image_margin\":\"\",\"link_margin\":\"\",\"link_type\":\"element\",\"block_align\":\"\",\"image_grid_column_gap\":\"\",\"image_grid_row_gap\":\"\",\"image_grid_breakpoint\":\"s\",\"title_hover_style\":\"reset\",\"title_align\":\"top\",\"title_grid_width\":\"1-2\",\"title_grid_breakpoint\":\"m\",\"panel_content_padding\":\"\",\"title_font_family\":\"\",\"title_grid_column_gap\":\"\",\"title_grid_row_gap\":\"\",\"image_transition\":\"\",\"position\":\"\",\"position_z_index\":\"\",\"block_align_breakpoint\":\"\",\"block_align_fallback\":\"\"}}]}]}]}],\"props\":[],\"version\":\"1.22.7\"} --><\/p>\n","protected":false},"excerpt":{"rendered":"<p>Pos\u00favajme hranice virtu\u00e1lnej reality spolu Technol\u00f3gia sa vyv\u00edja neuverite\u013ene r\u00fdchlo. Ver\u00edme, \u017ee virtu\u00e1lna realita m\u00e1 obrovsk\u00fd potenci\u00e1l pozit\u00edvne ovplyvni\u0165 na\u0161e \u017eivoty. Na\u0161ou misiou je zmeni\u0165 to, ak\u00fdm sp\u00f4sobom sa navrhuj\u00fa a pred\u00e1vaj\u00fa nehnute\u013enosti. Budeme na to potrebova\u0165 aj tvoju pomoc, pridaj sa k n\u00e1m! Otvoren\u00e9 poz\u00edcie V s\u00fa\u010dasnosti nem\u00e1me otvoren\u00e9 \u017eiadne vo\u013en\u00e9 poz\u00edcie. Ak sa [&hellip;]<\/p>\n","protected":false},"author":2,"featured_media":0,"parent":0,"menu_order":0,"comment_status":"closed","ping_status":"closed","template":"","meta":{"footnotes":""},"class_list":["post-1515","page","type-page","status-publish","hentry"],"yoast_head":"<!-- This site is optimized with the Yoast SEO plugin v26.3 - https:\/\/yoast.com\/wordpress\/plugins\/seo\/ -->\n<title>Kari\u00e9ra - WOOW studio<\/title>\n<meta name=\"description\" content=\"Ver\u00edme, \u017ee virtu\u00e1lna realita m\u00e1 obrovsk\u00fd potenci\u00e1l pozit\u00edvne ovplyvni\u0165 na\u0161e \u017eivoty. Na\u0161ou misiou je zmeni\u0165 to, ak\u00fdm sp\u00f4sobom sa navrhuj\u00fa a pred\u00e1vaj\u00fa nehnute\u013enosti. Budeme na to potrebova\u0165 aj tvoju pomoc, pridaj sa k n\u00e1m!\" \/>\n<meta name=\"robots\" content=\"index, follow, max-snippet:-1, max-image-preview:large, max-video-preview:-1\" \/>\n<link rel=\"canonical\" href=\"https:\/\/woowstudio.com\/sk\/kariera\/\" \/>\n<meta property=\"og:locale\" content=\"sk_SK\" \/>\n<meta property=\"og:type\" content=\"article\" \/>\n<meta property=\"og:title\" content=\"Kari\u00e9ra - WOOW studio\" \/>\n<meta property=\"og:description\" content=\"Ver\u00edme, \u017ee virtu\u00e1lna realita m\u00e1 obrovsk\u00fd potenci\u00e1l pozit\u00edvne ovplyvni\u0165 na\u0161e \u017eivoty. Na\u0161ou misiou je zmeni\u0165 to, ak\u00fdm sp\u00f4sobom sa navrhuj\u00fa a pred\u00e1vaj\u00fa nehnute\u013enosti. Budeme na to potrebova\u0165 aj tvoju pomoc, pridaj sa k n\u00e1m!\" \/>\n<meta property=\"og:url\" content=\"https:\/\/woowstudio.com\/sk\/kariera\/\" \/>\n<meta property=\"og:site_name\" content=\"WOOW studio\" \/>\n<meta property=\"article:modified_time\" content=\"2023-07-30T10:29:39+00:00\" \/>\n<meta name=\"twitter:card\" content=\"summary_large_image\" \/>\n<meta name=\"twitter:label1\" content=\"Predpokladan\u00fd \u010das \u010d\u00edtania\" \/>\n\t<meta name=\"twitter:data1\" content=\"1 min\u00fata\" \/>\n<script type=\"application\/ld+json\" class=\"yoast-schema-graph\">{\"@context\":\"https:\/\/schema.org\",\"@graph\":[{\"@type\":\"WebPage\",\"@id\":\"https:\/\/woowstudio.com\/sk\/kariera\/\",\"url\":\"https:\/\/woowstudio.com\/sk\/kariera\/\",\"name\":\"Kari\u00e9ra - WOOW studio\",\"isPartOf\":{\"@id\":\"https:\/\/woowstudio.com\/sk\/#website\"},\"datePublished\":\"2018-04-01T12:13:20+00:00\",\"dateModified\":\"2023-07-30T10:29:39+00:00\",\"description\":\"Ver\u00edme, \u017ee virtu\u00e1lna realita m\u00e1 obrovsk\u00fd potenci\u00e1l pozit\u00edvne ovplyvni\u0165 na\u0161e \u017eivoty. Na\u0161ou misiou je zmeni\u0165 to, ak\u00fdm sp\u00f4sobom sa navrhuj\u00fa a pred\u00e1vaj\u00fa nehnute\u013enosti. Budeme na to potrebova\u0165 aj tvoju pomoc, pridaj sa k n\u00e1m!\",\"breadcrumb\":{\"@id\":\"https:\/\/woowstudio.com\/sk\/kariera\/#breadcrumb\"},\"inLanguage\":\"sk-SK\",\"potentialAction\":[{\"@type\":\"ReadAction\",\"target\":[\"https:\/\/woowstudio.com\/sk\/kariera\/\"]}]},{\"@type\":\"BreadcrumbList\",\"@id\":\"https:\/\/woowstudio.com\/sk\/kariera\/#breadcrumb\",\"itemListElement\":[{\"@type\":\"ListItem\",\"position\":1,\"name\":\"Home\",\"item\":\"https:\/\/woowstudio.com\/sk\/\"},{\"@type\":\"ListItem\",\"position\":2,\"name\":\"Kari\u00e9ra\"}]},{\"@type\":\"WebSite\",\"@id\":\"https:\/\/woowstudio.com\/sk\/#website\",\"url\":\"https:\/\/woowstudio.com\/sk\/\",\"name\":\"WOOW studio\",\"description\":\"\",\"publisher\":{\"@id\":\"https:\/\/woowstudio.com\/sk\/#organization\"},\"potentialAction\":[{\"@type\":\"SearchAction\",\"target\":{\"@type\":\"EntryPoint\",\"urlTemplate\":\"https:\/\/woowstudio.com\/sk\/?s={search_term_string}\"},\"query-input\":{\"@type\":\"PropertyValueSpecification\",\"valueRequired\":true,\"valueName\":\"search_term_string\"}}],\"inLanguage\":\"sk-SK\"},{\"@type\":\"Organization\",\"@id\":\"https:\/\/woowstudio.com\/sk\/#organization\",\"name\":\"WOOW Studio\",\"url\":\"https:\/\/woowstudio.com\/sk\/\",\"logo\":{\"@type\":\"ImageObject\",\"inLanguage\":\"sk-SK\",\"@id\":\"https:\/\/woowstudio.com\/sk\/#\/schema\/logo\/image\/\",\"url\":\"https:\/\/woowstudio.com\/wp-content\/uploads\/2016\/11\/logo_woow_studio.svg\",\"contentUrl\":\"https:\/\/woowstudio.com\/wp-content\/uploads\/2016\/11\/logo_woow_studio.svg\",\"width\":1,\"height\":1,\"caption\":\"WOOW Studio\"},\"image\":{\"@id\":\"https:\/\/woowstudio.com\/sk\/#\/schema\/logo\/image\/\"}}]}<\/script>\n<!-- \/ Yoast SEO plugin. -->","yoast_head_json":{"title":"Kari\u00e9ra - WOOW studio","description":"Ver\u00edme, \u017ee virtu\u00e1lna realita m\u00e1 obrovsk\u00fd potenci\u00e1l pozit\u00edvne ovplyvni\u0165 na\u0161e \u017eivoty. Na\u0161ou misiou je zmeni\u0165 to, ak\u00fdm sp\u00f4sobom sa navrhuj\u00fa a pred\u00e1vaj\u00fa nehnute\u013enosti. Budeme na to potrebova\u0165 aj tvoju pomoc, pridaj sa k n\u00e1m!","robots":{"index":"index","follow":"follow","max-snippet":"max-snippet:-1","max-image-preview":"max-image-preview:large","max-video-preview":"max-video-preview:-1"},"canonical":"https:\/\/woowstudio.com\/sk\/kariera\/","og_locale":"sk_SK","og_type":"article","og_title":"Kari\u00e9ra - WOOW studio","og_description":"Ver\u00edme, \u017ee virtu\u00e1lna realita m\u00e1 obrovsk\u00fd potenci\u00e1l pozit\u00edvne ovplyvni\u0165 na\u0161e \u017eivoty. Na\u0161ou misiou je zmeni\u0165 to, ak\u00fdm sp\u00f4sobom sa navrhuj\u00fa a pred\u00e1vaj\u00fa nehnute\u013enosti. Budeme na to potrebova\u0165 aj tvoju pomoc, pridaj sa k n\u00e1m!","og_url":"https:\/\/woowstudio.com\/sk\/kariera\/","og_site_name":"WOOW studio","article_modified_time":"2023-07-30T10:29:39+00:00","twitter_card":"summary_large_image","twitter_misc":{"Predpokladan\u00fd \u010das \u010d\u00edtania":"1 min\u00fata"},"schema":{"@context":"https:\/\/schema.org","@graph":[{"@type":"WebPage","@id":"https:\/\/woowstudio.com\/sk\/kariera\/","url":"https:\/\/woowstudio.com\/sk\/kariera\/","name":"Kari\u00e9ra - WOOW studio","isPartOf":{"@id":"https:\/\/woowstudio.com\/sk\/#website"},"datePublished":"2018-04-01T12:13:20+00:00","dateModified":"2023-07-30T10:29:39+00:00","description":"Ver\u00edme, \u017ee virtu\u00e1lna realita m\u00e1 obrovsk\u00fd potenci\u00e1l pozit\u00edvne ovplyvni\u0165 na\u0161e \u017eivoty. Na\u0161ou misiou je zmeni\u0165 to, ak\u00fdm sp\u00f4sobom sa navrhuj\u00fa a pred\u00e1vaj\u00fa nehnute\u013enosti. Budeme na to potrebova\u0165 aj tvoju pomoc, pridaj sa k n\u00e1m!","breadcrumb":{"@id":"https:\/\/woowstudio.com\/sk\/kariera\/#breadcrumb"},"inLanguage":"sk-SK","potentialAction":[{"@type":"ReadAction","target":["https:\/\/woowstudio.com\/sk\/kariera\/"]}]},{"@type":"BreadcrumbList","@id":"https:\/\/woowstudio.com\/sk\/kariera\/#breadcrumb","itemListElement":[{"@type":"ListItem","position":1,"name":"Home","item":"https:\/\/woowstudio.com\/sk\/"},{"@type":"ListItem","position":2,"name":"Kari\u00e9ra"}]},{"@type":"WebSite","@id":"https:\/\/woowstudio.com\/sk\/#website","url":"https:\/\/woowstudio.com\/sk\/","name":"WOOW studio","description":"","publisher":{"@id":"https:\/\/woowstudio.com\/sk\/#organization"},"potentialAction":[{"@type":"SearchAction","target":{"@type":"EntryPoint","urlTemplate":"https:\/\/woowstudio.com\/sk\/?s={search_term_string}"},"query-input":{"@type":"PropertyValueSpecification","valueRequired":true,"valueName":"search_term_string"}}],"inLanguage":"sk-SK"},{"@type":"Organization","@id":"https:\/\/woowstudio.com\/sk\/#organization","name":"WOOW Studio","url":"https:\/\/woowstudio.com\/sk\/","logo":{"@type":"ImageObject","inLanguage":"sk-SK","@id":"https:\/\/woowstudio.com\/sk\/#\/schema\/logo\/image\/","url":"https:\/\/woowstudio.com\/wp-content\/uploads\/2016\/11\/logo_woow_studio.svg","contentUrl":"https:\/\/woowstudio.com\/wp-content\/uploads\/2016\/11\/logo_woow_studio.svg","width":1,"height":1,"caption":"WOOW Studio"},"image":{"@id":"https:\/\/woowstudio.com\/sk\/#\/schema\/logo\/image\/"}}]}},"_links":{"self":[{"href":"https:\/\/woowstudio.com\/sk\/wp-json\/wp\/v2\/pages\/1515","targetHints":{"allow":["GET"]}}],"collection":[{"href":"https:\/\/woowstudio.com\/sk\/wp-json\/wp\/v2\/pages"}],"about":[{"href":"https:\/\/woowstudio.com\/sk\/wp-json\/wp\/v2\/types\/page"}],"author":[{"embeddable":true,"href":"https:\/\/woowstudio.com\/sk\/wp-json\/wp\/v2\/users\/2"}],"replies":[{"embeddable":true,"href":"https:\/\/woowstudio.com\/sk\/wp-json\/wp\/v2\/comments?post=1515"}],"version-history":[{"count":0,"href":"https:\/\/woowstudio.com\/sk\/wp-json\/wp\/v2\/pages\/1515\/revisions"}],"wp:attachment":[{"href":"https:\/\/woowstudio.com\/sk\/wp-json\/wp\/v2\/media?parent=1515"}],"curies":[{"name":"wp","href":"https:\/\/api.w.org\/{rel}","templated":true}]}}